{"id":532,"date":"2021-07-27T15:06:08","date_gmt":"2021-07-27T13:06:08","guid":{"rendered":"https:\/\/biostation-hagen.de\/wp\/?page_id=532"},"modified":"2021-07-27T15:06:08","modified_gmt":"2021-07-27T13:06:08","slug":"wachse-mit-uns","status":"publish","type":"page","link":"https:\/\/biostation-hagen.de\/wp\/wachse-mit-uns\/","title":{"rendered":"Wachse mit uns!"},"content":{"rendered":"\n<h2 class=\"has-text-align-center wp-block-heading\">Wachse mit uns!<\/h2>\n\n\n\n<p class=\"has-text-align-center has-large-font-size\"><strong>S\u00e4mereien f\u00fcr den Heilziest (Betonica officinalis)<\/strong><\/p>\n\n\n\n<div class=\"wp-block-media-text alignwide is-stacked-on-mobile\"><figure class=\"wp-block-media-text__media\"><img loading=\"lazy\" decoding=\"async\" width=\"768\" height=\"1024\" src=\"https:\/\/biostation-hagen.de\/wp\/wp-content\/uploads\/2021\/07\/Betonica_officinalis_Munich_Botanic_garden-768x1024.jpg\" alt=\"\" class=\"wp-image-533 size-full\" srcset=\"https:\/\/biostation-hagen.de\/wp\/wp-content\/uploads\/2021\/07\/Betonica_officinalis_Munich_Botanic_garden-768x1024.jpg 768w, https:\/\/biostation-hagen.de\/wp\/wp-content\/uploads\/2021\/07\/Betonica_officinalis_Munich_Botanic_garden-225x300.jpg 225w, https:\/\/biostation-hagen.de\/wp\/wp-content\/uploads\/2021\/07\/Betonica_officinalis_Munich_Botanic_garden-1152x1536.jpg 1152w, https:\/\/biostation-hagen.de\/wp\/wp-content\/uploads\/2021\/07\/Betonica_officinalis_Munich_Botanic_garden-1536x2048.jpg 1536w, https:\/\/biostation-hagen.de\/wp\/wp-content\/uploads\/2021\/07\/Betonica_officinalis_Munich_Botanic_garden-1568x2091.jpg 1568w, https:\/\/biostation-hagen.de\/wp\/wp-content\/uploads\/2021\/07\/Betonica_officinalis_Munich_Botanic_garden-scaled.jpg 1920w\" sizes=\"auto, (max-width: 768px) 100vw, 768px\" \/><\/figure><div class=\"wp-block-media-text__content\">\n<p class=\"has-large-font-size\">Der Heilziest ist eine winterharte Staude aus der Gattung der Betonien. Die meist intensiv rosa bis pink gef\u00e4rbten und h\u00fcbsch anzusehenden Bl\u00fcten sitzen in Gruppen von etwa zehn St\u00fcck an quirlartig aussehenden Bl\u00fctenst\u00e4nden. <br>Die nektarreichen Bl\u00fcten bieten vielen verschiedenen Insekten reichlich Nahrung. Sowohl der deutsche als auch der wissenschaftliche Name deuten darauf hin, dass die Pflanze heilende Eigenschaften besitzt. Neben blutstillender, schleiml\u00f6sender und kr\u00e4ftigender Wirkung soll der Heilziest auch gegen Zahnfleischentz\u00fcndung wirksam sein, weswegen die Pflanze auch unter dem Namen Zahnkraut bekannt ist. <br>Aus dem ganzen Kraut l\u00e4sst sich ein Tee kochen, welcher f\u00fcr die innerliche und \u00e4u\u00dferliche Anwendung (etwa zum Gurgeln) geeignet sein soll. <br><br>Die Aussaat der Samen sollte am besten in der Zeit von September bis M\u00e4rz erfolgen. <\/p>\n\n\n\n<p><\/p>\n<\/div><\/div>\n\n\n\n<p><\/p>\n","protected":false},"excerpt":{"rendered":"<p>Wachse mit uns! S\u00e4mereien f\u00fcr den Heilziest (Betonica officinalis) Der Heilziest ist eine winterharte Staude aus der Gattung der Betonien. Die meist intensiv rosa bis pink gef\u00e4rbten und h\u00fcbsch anzusehenden Bl\u00fcten sitzen in Gruppen von etwa zehn St\u00fcck an quirlartig aussehenden Bl\u00fctenst\u00e4nden. Die nektarreichen Bl\u00fcten bieten vielen verschiedenen Insekten reichlich Nahrung. Sowohl der deutsche als&hellip; <a class=\"more-link\" href=\"https:\/\/biostation-hagen.de\/wp\/wachse-mit-uns\/\"><span class=\"screen-reader-text\">Wachse mit uns!<\/span> weiterlesen<\/a><\/p>\n","protected":false},"author":2,"featured_media":0,"parent":0,"menu_order":0,"comment_status":"closed","ping_status":"closed","template":"","meta":{"footnotes":""},"class_list":["post-532","page","type-page","status-publish","hentry","entry"],"_links":{"self":[{"href":"https:\/\/biostation-hagen.de\/wp\/wp-json\/wp\/v2\/pages\/532","targetHints":{"allow":["GET"]}}],"collection":[{"href":"https:\/\/biostation-hagen.de\/wp\/wp-json\/wp\/v2\/pages"}],"about":[{"href":"https:\/\/biostation-hagen.de\/wp\/wp-json\/wp\/v2\/types\/page"}],"author":[{"embeddable":true,"href":"https:\/\/biostation-hagen.de\/wp\/wp-json\/wp\/v2\/users\/2"}],"replies":[{"embeddable":true,"href":"https:\/\/biostation-hagen.de\/wp\/wp-json\/wp\/v2\/comments?post=532"}],"version-history":[{"count":2,"href":"https:\/\/biostation-hagen.de\/wp\/wp-json\/wp\/v2\/pages\/532\/revisions"}],"predecessor-version":[{"id":535,"href":"https:\/\/biostation-hagen.de\/wp\/wp-json\/wp\/v2\/pages\/532\/revisions\/535"}],"wp:attachment":[{"href":"https:\/\/biostation-hagen.de\/wp\/wp-json\/wp\/v2\/media?parent=532"}],"curies":[{"name":"wp","href":"https:\/\/api.w.org\/{rel}","templated":true}]}}